{"id":109,"date":"2011-08-08T10:31:53","date_gmt":"2011-08-08T10:31:53","guid":{"rendered":"https:\/\/pmw-wiederrecht.de\/?page_id=109"},"modified":"2016-02-10T17:36:53","modified_gmt":"2016-02-10T16:36:53","slug":"rechtliche-hinweise","status":"publish","type":"page","link":"https:\/\/pmw-wiederrecht.de\/en\/impressum\/rechtliche-hinweise\/","title":{"rendered":"Disclaimer"},"content":{"rendered":"<p><strong>1. Content<\/strong><br \/>\nThe author reserves the right not to be responsible for the topicality, correctness, completeness or quality of the information provided. Liability claims regarding damage caused by the use of any information provided, including any kind of information which is incomplete or incorrect,will therefore be rejected.<\/p>\n<p>All offers are not-binding and without obligation. Parts of the pages or the complete publication including all offers and information might be extended, changed or partly or completely deleted by the author without separate announcement.<\/p>\n<p><strong>2. Referrals and links<\/strong><br \/>\nThe author is not responsible for any contents linked or referred to from his pages \u2013 unless he has full knowledge of illegal contents and would be able to prevent the visitors of his site fromviewing those pages. If any damage occurs by the use of information presented there, only the author of the respective pages might be liable, not the one who has linked to these pages. Furthermore the author is not liable for any postings or messages published by users of discussion boards, guestbooks or mailinglists provided on his page.<\/p>\n<p><strong>3. Copyright<\/strong><br \/>\nThe author intended not to use any copyrighted material for the publication or, if not possible, to indicatethe copyright of the respective object.<\/p>\n<p>The copyright for any material created by the author is reserved. Any duplication or use of objects such as diagrams, sounds or texts in other electronic or printed publications is not permitted without the author\u2019s agreement.<\/p>\n<p><strong>4. Privacy policy<\/strong><br \/>\nIf the opportunity for the input of personal or business data (email addresses, name, addresses) is given, the input of these data takes place voluntarily. The use and payment of all offered services are permitted \u2013 if and so far technically possible and reasonable \u2013 without specification of any personal data or under specification of anonymized data or an alias. The use of published postal addresses, telephone or fax numbers and email addresses for marketing purposes is prohibited, offenders sending unwanted spam messages will be punished.<\/p>\n<p><strong>5. Legal validity of this disclaimer<\/strong><br \/>\nThis disclaimer is to be regarded as part of the internet publication which you were referred from. If sections or individual terms of this statement are not legal or correct, the content or validity of the other parts remain uninfluenced by this fact.&amp;lt;!&#8211;:de&#8211;&amp;gt;&amp;lt;strong&amp;gt;1. Haftungsbeschr\u00e4nkung&amp;lt;\/strong&amp;gt;<br \/>\nDie Inhalte dieser Website werden mit gr\u00f6\u00dftm\u00f6glicher Sorgfalt erstellt. Der Anbieter \u00fcbernimmt jedoch keine Gew\u00e4hr f\u00fcr die Richtigkeit, Vollst\u00e4ndigkeit und Aktualit\u00e4t der bereitgestellten Inhalte. Die Nutzung der Inhalte der Website erfolgt auf eigene Gefahr des Nutzers. Namentlich gekennzeichnete Beitr\u00e4ge geben die Meinung des jeweiligen Autors und nicht immer die Meinung des Anbieters wieder. Mit der reinen Nutzung der Website des Anbieters kommt keinerlei Vertragsverh\u00e4ltnis zwischen dem Nutzer und dem Anbieter zustande.<\/p>\n<p>&amp;lt;strong&amp;gt;2. Externe Links&amp;lt;\/strong&amp;gt;<br \/>\nDiese Website enth\u00e4lt Verkn\u00fcpfungen zu Websites Dritter (\u201cexterne Links\u201d). Diese Websites unterliegen der Haftung der jeweiligen Betreiber. Der Anbieter hat bei der erstmaligen Verkn\u00fcpfung der externen Links die fremden Inhalte daraufhin \u00fcberpr\u00fcft, ob etwaige Rechtsverst\u00f6\u00dfe bestehen. Zu dem Zeitpunkt waren keine Rechtsverst\u00f6\u00dfe ersichtlich. Der Anbieter hat keinerlei Einfluss auf die aktuelle und zuk\u00fcnftige Gestaltung und auf die Inhalte der verkn\u00fcpften Seiten. Das Setzen von externen Links bedeutet nicht, dass sich der Anbieter die hinter dem Verweis oder Link liegenden Inhalte zu Eigen macht. Eine st\u00e4ndige Kontrolle dieser externen Links ist f\u00fcr den Anbieter ohne konkrete Hinweise auf Rechtsverst\u00f6\u00dfe nicht zumutbar. Bei Kenntnis von Rechtsverst\u00f6\u00dfen werden jedoch derartige externe Links unverz\u00fcglich gel\u00f6scht.<\/p>\n<p>&amp;lt;strong&amp;gt;3. Urheber- und Leistungsschutzrechte&amp;lt;\/strong&amp;gt;<br \/>\nDie auf dieser Website ver\u00f6ffentlichten Inhalte unterliegen dem deutschen Urheber- und Leistungsschutzrecht. Jede vom deutschen Urheber- und Leistungsschutzrecht nicht zugelassene Verwertung bedarf der vorherigen schriftlichen Zustimmung des Anbieters oder jeweiligen Rechteinhabers. Dies gilt insbesondere f\u00fcr Vervielf\u00e4ltigung, Bearbeitung, \u00dcbersetzung, Einspeicherung, Verarbeitung bzw. Wiedergabe von Inhalten in Datenbanken oder anderen elektronischen Medien und Systemen. Inhalte und Rechte Dritter sind dabei als solche gekennzeichnet. Die unerlaubte Vervielf\u00e4ltigung oder Weitergabe einzelner Inhalte oder kompletter Seiten ist nicht gestattet und strafbar. Lediglich die Herstellung von Kopien und Downloads f\u00fcr den pers\u00f6nlichen, privaten und nicht kommerziellen Gebrauch ist erlaubt.<\/p>\n<p>Die Darstellung dieser Website in fremden Frames ist nur mit schriftlicher Erlaubnis zul\u00e4ssig.<\/p>\n<p>&amp;lt;strong&amp;gt;4. Datenschutz&amp;lt;\/strong&amp;gt;<br \/>\nDurch den Besuch der Website des Anbieters k\u00f6nnen Informationen \u00fcber den Zugriff (Datum, Uhrzeit, betrachtete Seite) gespeichert werden. Diese Daten geh\u00f6ren nicht zu den personenbezogenen Daten, sondern sind anonymisiert. Sie werden ausschlie\u00dflich zu statistischen Zwecken ausgewertet. Eine Weitergabe an Dritte, zu kommerziellen oder nichtkommerziellen Zwecken, findet nicht statt.<\/p>\n<p>Der Anbieter weist ausdr\u00fccklich darauf hin, dass die Daten\u00fcbertragung im Internet (z.B. bei der Kommunikation per E-Mail) Sicherheitsl\u00fccken aufweisen und nicht l\u00fcckenlos vor dem Zugriff durch Dritte gesch\u00fctzt werden kann.<\/p>\n<p>Die Verwendung der Kontaktdaten des Impressums zur gewerblichen Werbung ist ausdr\u00fccklich nicht erw\u00fcnscht, es sei denn der Anbieter hatte zuvor seine schriftliche Einwilligung erteilt oder es besteht bereits eine Gesch\u00e4ftsbeziehung. Der Anbieter und alle auf dieser Website genannten Personen widersprechen hiermit jeder kommerziellen Verwendung und Weitergabe ihrer Daten.<\/p>\n<p>&amp;lt;strong&amp;gt;5. Besondere Nutzungsbedingungen&amp;lt;\/strong&amp;gt;<br \/>\nSoweit besondere Bedingungen f\u00fcr einzelne Nutzungen dieser Website von den vorgenannten Nummern 1. bis 4. abweichen, wird an entsprechender Stelle ausdr\u00fccklich darauf hingewiesen. In diesem Falle gelten im jeweiligen Einzelfall die besonderen Nutzungsbedingungen.&amp;lt;!&#8211;:&#8211;&amp;gt;&amp;lt;!&#8211;:en&#8211;&amp;gt;&amp;lt;strong&amp;gt;1. Content&amp;lt;\/strong&amp;gt;<br \/>\nThe author reserves the right not to be responsible for the topicality, correctness, completeness or quality of the information provided. Liability claims regarding damage caused by the use of any information provided, including any kind of information which is incomplete or incorrect,will therefore be rejected.<\/p>\n<p>All offers are not-binding and without obligation. Parts of the pages or the complete publication including all offers and information might be extended, changed or partly or completely deleted by the author without separate announcement.<\/p>\n<p>&amp;lt;strong&amp;gt;2. Referrals and links&amp;lt;\/strong&amp;gt;<br \/>\nThe author is not responsible for any contents linked or referred to from his pages \u2013 unless he has full knowledge of illegal contents and would be able to prevent the visitors of his site fromviewing those pages. If any damage occurs by the use of information presented there, only the author of the respective pages might be liable, not the one who has linked to these pages. Furthermore the author is not liable for any postings or messages published by users of discussion boards, guestbooks or mailinglists provided on his page.<\/p>\n<p>&amp;lt;strong&amp;gt;3. Copyright&amp;lt;\/strong&amp;gt;<br \/>\nThe author intended not to use any copyrighted material for the publication or, if not possible, to indicatethe copyright of the respective object.<\/p>\n<p>The copyright for any material created by the author is reserved. Any duplication or use of objects such as diagrams, sounds or texts in other electronic or printed publications is not permitted without the author\u2019s agreement.<\/p>\n<p>&amp;lt;strong&amp;gt;4. Privacy policy&amp;lt;\/strong&amp;gt;<br \/>\nIf the opportunity for the input of personal or business data (email addresses, name, addresses) is given, the input of these data takes place voluntarily. The use and payment of all offered services are permitted \u2013 if and so far technically possible and reasonable \u2013 without specification of any personal data or under specification of anonymized data or an alias. The use of published postal addresses, telephone or fax numbers and email addresses for marketing purposes is prohibited, offenders sending unwanted spam messages will be punished.<\/p>\n<p>&amp;lt;strong&amp;gt;5. Legal validity of this disclaimer&amp;lt;\/strong&amp;gt;<br \/>\nThis disclaimer is to be regarded as part of the internet publication which you were referred from. If sections or individual terms of this statement are not legal or correct, the content or validity of the other parts remain uninfluenced by this fact.&amp;lt;!&#8211;:&#8211;&amp;gt;<\/p>","protected":false},"excerpt":{"rendered":"<p>1. Content The author reserves the right not to be responsible for the topicality, correctness, completeness or quality of the information provided. Liability claims regarding damage caused by the use of any information provided, including any kind of information which<a href=\"https:\/\/pmw-wiederrecht.de\/en\/impressum\/rechtliche-hinweise\/\" class=\"more-link\">Weiterlesen&#8230;<\/a><\/p>\n","protected":false},"author":24,"featured_media":0,"parent":21,"menu_order":0,"comment_status":"open","ping_status":"closed","template":"page_logos.php","meta":{"footnotes":""},"class_list":["post-109","page","type-page","status-publish","hentry"],"aioseo_notices":[],"_links":{"self":[{"href":"https:\/\/pmw-wiederrecht.de\/en\/wp-json\/wp\/v2\/pages\/109","targetHints":{"allow":["GET"]}}],"collection":[{"href":"https:\/\/pmw-wiederrecht.de\/en\/wp-json\/wp\/v2\/pages"}],"about":[{"href":"https:\/\/pmw-wiederrecht.de\/en\/wp-json\/wp\/v2\/types\/page"}],"author":[{"embeddable":true,"href":"https:\/\/pmw-wiederrecht.de\/en\/wp-json\/wp\/v2\/users\/24"}],"replies":[{"embeddable":true,"href":"https:\/\/pmw-wiederrecht.de\/en\/wp-json\/wp\/v2\/comments?post=109"}],"version-history":[{"count":8,"href":"https:\/\/pmw-wiederrecht.de\/en\/wp-json\/wp\/v2\/pages\/109\/revisions"}],"predecessor-version":[{"id":818,"href":"https:\/\/pmw-wiederrecht.de\/en\/wp-json\/wp\/v2\/pages\/109\/revisions\/818"}],"up":[{"embeddable":true,"href":"https:\/\/pmw-wiederrecht.de\/en\/wp-json\/wp\/v2\/pages\/21"}],"wp:attachment":[{"href":"https:\/\/pmw-wiederrecht.de\/en\/wp-json\/wp\/v2\/media?parent=109"}],"curies":[{"name":"wp","href":"https:\/\/api.w.org\/{rel}","templated":true}]}}