{"id":703,"date":"2014-11-12T12:10:30","date_gmt":"2014-11-12T11:10:30","guid":{"rendered":"https:\/\/pmw-wiederrecht.de\/?page_id=703"},"modified":"2014-11-12T12:14:01","modified_gmt":"2014-11-12T11:14:01","slug":"trennen","status":"publish","type":"page","link":"https:\/\/pmw-wiederrecht.de\/en\/maschinenbau\/automotive-fluidsysteme\/trennen\/","title":{"rendered":"Trennen"},"content":{"rendered":"<h3 style=\"text-align: justify;\"><b>Trennanlagen f\u00fcr:<\/b><\/h3>\n<p style=\"text-align: justify;\"><span style=\"color: #000000;\">das exakte Abl\u00e4ngen von Kunststoffleitungen vom Coil oder von der Stange. Durch die kompakte Bauweise und freie Zug\u00e4nglichkeit unserer Anlagen ist auch das Schneiden von ausgeformten Leitungen problemlos m\u00f6glich. Durch unsere variablen Werkzeuge mit Schnellwechselsystem k\u00f6nnen in k\u00fcrzester Zeit die Anlagen f\u00fcr die verschiedenen Schnittvarianten <b>Trenn-, Enden- oder Tulpenschnitt<\/b><\/span><span style=\"color: #000000;\"> umger\u00fcstet werden. <\/span><\/p>\n","protected":false},"excerpt":{"rendered":"<p>Trennanlagen f\u00fcr: das exakte Abl\u00e4ngen von Kunststoffleitungen vom Coil oder von der Stange. Durch die kompakte Bauweise und freie Zug\u00e4nglichkeit unserer Anlagen ist auch das Schneiden von ausgeformten Leitungen problemlos m\u00f6glich. Durch unsere variablen Werkzeuge mit Schnellwechselsystem k\u00f6nnen in k\u00fcrzester<a href=\"https:\/\/pmw-wiederrecht.de\/en\/maschinenbau\/automotive-fluidsysteme\/trennen\/\" class=\"more-link\">Weiterlesen&#8230;<\/a><\/p>\n","protected":false},"author":5,"featured_media":0,"parent":633,"menu_order":0,"comment_status":"open","ping_status":"closed","template":"","meta":{"footnotes":""},"class_list":["post-703","page","type-page","status-publish","hentry"],"aioseo_notices":[],"_links":{"self":[{"href":"https:\/\/pmw-wiederrecht.de\/en\/wp-json\/wp\/v2\/pages\/703","targetHints":{"allow":["GET"]}}],"collection":[{"href":"https:\/\/pmw-wiederrecht.de\/en\/wp-json\/wp\/v2\/pages"}],"about":[{"href":"https:\/\/pmw-wiederrecht.de\/en\/wp-json\/wp\/v2\/types\/page"}],"author":[{"embeddable":true,"href":"https:\/\/pmw-wiederrecht.de\/en\/wp-json\/wp\/v2\/users\/5"}],"replies":[{"embeddable":true,"href":"https:\/\/pmw-wiederrecht.de\/en\/wp-json\/wp\/v2\/comments?post=703"}],"version-history":[{"count":14,"href":"https:\/\/pmw-wiederrecht.de\/en\/wp-json\/wp\/v2\/pages\/703\/revisions"}],"predecessor-version":[{"id":764,"href":"https:\/\/pmw-wiederrecht.de\/en\/wp-json\/wp\/v2\/pages\/703\/revisions\/764"}],"up":[{"embeddable":true,"href":"https:\/\/pmw-wiederrecht.de\/en\/wp-json\/wp\/v2\/pages\/633"}],"wp:attachment":[{"href":"https:\/\/pmw-wiederrecht.de\/en\/wp-json\/wp\/v2\/media?parent=703"}],"curies":[{"name":"wp","href":"https:\/\/api.w.org\/{rel}","templated":true}]}}