{"id":721,"date":"2014-11-12T12:09:37","date_gmt":"2014-11-12T11:09:37","guid":{"rendered":"https:\/\/pmw-wiederrecht.de\/?page_id=721"},"modified":"2014-11-12T12:09:37","modified_gmt":"2014-11-12T11:09:37","slug":"fuegen","status":"publish","type":"page","link":"https:\/\/pmw-wiederrecht.de\/en\/maschinenbau\/automotive-fluidsysteme\/fuegen\/","title":{"rendered":"F\u00fcgen"},"content":{"rendered":"<h3 style=\"text-align: justify;\"><b>F\u00fcgeanlagen f\u00fcr :<\/b><\/h3>\n<p style=\"text-align: justify;\"><span style=\"color: #000000;\">das Einschie\u00dfen oder Verpressen von Kunststoff- bzw. Schlauchleitungen und Leitungsverbindern wie zum Beispiel: <b>Quick-Connectoren<\/b><\/span><span style=\"color: #000000;\">, <\/span><b><span style=\"color: #000000;\">Adapter, T\/Y-St\u00fccke, Ventile, und Sonderbauteilen.<\/span><\/b><span style=\"color: #000000;\"> Die Komponenten werden Lageorientiert aufgenommen und \u00fcber Anschl\u00e4ge \u00fcberwacht. Dies gew\u00e4hrleistet eine gleichbleibende Qualit\u00e4t.<\/span> <span style=\"color: #000000;\">Einfache Einsch\u00fcsse k\u00f6nnen (bis zu 3 St\u00fcck) parallel ausgef\u00fchrt werden, was erhebliche Zeit bei der Herstellung der Fluidsysteme einspart. <\/span><\/p>\n","protected":false},"excerpt":{"rendered":"<p>F\u00fcgeanlagen f\u00fcr : das Einschie\u00dfen oder Verpressen von Kunststoff- bzw. Schlauchleitungen und Leitungsverbindern wie zum Beispiel: Quick-Connectoren, Adapter, T\/Y-St\u00fccke, Ventile, und Sonderbauteilen. Die Komponenten werden Lageorientiert aufgenommen und \u00fcber Anschl\u00e4ge \u00fcberwacht. Dies gew\u00e4hrleistet eine gleichbleibende Qualit\u00e4t. Einfache Einsch\u00fcsse k\u00f6nnen (bis<a href=\"https:\/\/pmw-wiederrecht.de\/en\/maschinenbau\/automotive-fluidsysteme\/fuegen\/\" class=\"more-link\">Weiterlesen&#8230;<\/a><\/p>\n","protected":false},"author":5,"featured_media":0,"parent":633,"menu_order":0,"comment_status":"open","ping_status":"closed","template":"","meta":{"footnotes":""},"class_list":["post-721","page","type-page","status-publish","hentry"],"aioseo_notices":[],"_links":{"self":[{"href":"https:\/\/pmw-wiederrecht.de\/en\/wp-json\/wp\/v2\/pages\/721","targetHints":{"allow":["GET"]}}],"collection":[{"href":"https:\/\/pmw-wiederrecht.de\/en\/wp-json\/wp\/v2\/pages"}],"about":[{"href":"https:\/\/pmw-wiederrecht.de\/en\/wp-json\/wp\/v2\/types\/page"}],"author":[{"embeddable":true,"href":"https:\/\/pmw-wiederrecht.de\/en\/wp-json\/wp\/v2\/users\/5"}],"replies":[{"embeddable":true,"href":"https:\/\/pmw-wiederrecht.de\/en\/wp-json\/wp\/v2\/comments?post=721"}],"version-history":[{"count":9,"href":"https:\/\/pmw-wiederrecht.de\/en\/wp-json\/wp\/v2\/pages\/721\/revisions"}],"predecessor-version":[{"id":770,"href":"https:\/\/pmw-wiederrecht.de\/en\/wp-json\/wp\/v2\/pages\/721\/revisions\/770"}],"up":[{"embeddable":true,"href":"https:\/\/pmw-wiederrecht.de\/en\/wp-json\/wp\/v2\/pages\/633"}],"wp:attachment":[{"href":"https:\/\/pmw-wiederrecht.de\/en\/wp-json\/wp\/v2\/media?parent=721"}],"curies":[{"name":"wp","href":"https:\/\/api.w.org\/{rel}","templated":true}]}}