{"id":727,"date":"2014-11-12T12:09:52","date_gmt":"2014-11-12T11:09:52","guid":{"rendered":"https:\/\/pmw-wiederrecht.de\/?page_id=727"},"modified":"2014-11-12T12:09:52","modified_gmt":"2014-11-12T11:09:52","slug":"montieren","status":"publish","type":"page","link":"https:\/\/pmw-wiederrecht.de\/en\/maschinenbau\/automotive-fluidsysteme\/montieren\/","title":{"rendered":"Montieren"},"content":{"rendered":"<h3 style=\"text-align: justify;\"><b>Montagevorrichtungen f\u00fcr:<\/b><\/h3>\n<p style=\"text-align: justify;\">die Herstellung von <b>Bundles <\/b>und das lageorientierte montieren von Clips (Kabelbinder, Markierungen\u2026,)auf Einzelleitungen.<\/p>\n<p style=\"text-align: justify;\">Unsere \u00fcberwachten Handmontagen, unterst\u00fctzen sie um die Vollst\u00e4ndigkeit aller <b>Clips <\/b>und Leitungen im Bundle sicher zu stellen.<\/p>\n","protected":false},"excerpt":{"rendered":"<p>Montagevorrichtungen f\u00fcr: die Herstellung von Bundles und das lageorientierte montieren von Clips (Kabelbinder, Markierungen\u2026,)auf Einzelleitungen. Unsere \u00fcberwachten Handmontagen, unterst\u00fctzen sie um die Vollst\u00e4ndigkeit aller Clips und Leitungen im Bundle sicher zu stellen.<\/p>\n","protected":false},"author":5,"featured_media":0,"parent":633,"menu_order":0,"comment_status":"open","ping_status":"closed","template":"","meta":{"footnotes":""},"class_list":["post-727","page","type-page","status-publish","hentry"],"aioseo_notices":[],"_links":{"self":[{"href":"https:\/\/pmw-wiederrecht.de\/en\/wp-json\/wp\/v2\/pages\/727","targetHints":{"allow":["GET"]}}],"collection":[{"href":"https:\/\/pmw-wiederrecht.de\/en\/wp-json\/wp\/v2\/pages"}],"about":[{"href":"https:\/\/pmw-wiederrecht.de\/en\/wp-json\/wp\/v2\/types\/page"}],"author":[{"embeddable":true,"href":"https:\/\/pmw-wiederrecht.de\/en\/wp-json\/wp\/v2\/users\/5"}],"replies":[{"embeddable":true,"href":"https:\/\/pmw-wiederrecht.de\/en\/wp-json\/wp\/v2\/comments?post=727"}],"version-history":[{"count":8,"href":"https:\/\/pmw-wiederrecht.de\/en\/wp-json\/wp\/v2\/pages\/727\/revisions"}],"predecessor-version":[{"id":753,"href":"https:\/\/pmw-wiederrecht.de\/en\/wp-json\/wp\/v2\/pages\/727\/revisions\/753"}],"up":[{"embeddable":true,"href":"https:\/\/pmw-wiederrecht.de\/en\/wp-json\/wp\/v2\/pages\/633"}],"wp:attachment":[{"href":"https:\/\/pmw-wiederrecht.de\/en\/wp-json\/wp\/v2\/media?parent=727"}],"curies":[{"name":"wp","href":"https:\/\/api.w.org\/{rel}","templated":true}]}}