{"id":731,"date":"2014-11-12T12:08:59","date_gmt":"2014-11-12T11:08:59","guid":{"rendered":"https:\/\/pmw-wiederrecht.de\/?page_id=731"},"modified":"2014-11-12T13:14:39","modified_gmt":"2014-11-12T12:14:39","slug":"pruefen","status":"publish","type":"page","link":"https:\/\/pmw-wiederrecht.de\/en\/maschinenbau\/automotive-fluidsysteme\/pruefen\/","title":{"rendered":"Pr\u00fcfen"},"content":{"rendered":"<h3 style=\"text-align: justify;\"><b>Pr\u00fcfanlagen f\u00fcr:<\/b><\/h3>\n<p><span style=\"color: #000000;\">die Qualit\u00e4ts\u00fcberpr\u00fcfung hergestellter Verbindungen oder Einsch\u00fcsse. Hier \u00a0<\/span><span style=\"color: #000000;\">haben wir diverse Pr\u00fcfvorrichtungen und Pr\u00fcfanlagen im Programm.<\/span> <span style=\"color: #000000;\">Zur \u00dcberpr\u00fcfung der Dichtigkeit der Fluidsysteme stehen verschiedene Anlagentypen bereit. <b>Belastungspr\u00fcfung<\/b><\/span><span style=\"color: #000000;\">, <\/span><b><span style=\"color: #000000;\">Automatische Differenzdruckmessung<\/span><\/b><span style=\"color: #000000;\">, oder optische Kontrolle durch Druckluftaustritt in den <\/span><b><span style=\"color: #000000;\">Tauchbecken<\/span><\/b><span style=\"color: #000000;\">. <\/span><\/p>\n<p style=\"text-align: justify;\">\n<h3 style=\"text-align: justify;\"><b>Lehren:<\/b><\/h3>\n<p><span style=\"color: #000000;\">Nach Ihren Pr\u00fcfanforderungen werden Ihre Lehren in unserer hauseigenen Konstruktionsabteilung an 3D-CAD-Workstation konstruiert. Auf Grundlage der 3D-CAD-Modelle setzen wir Ihre Ideen in die Realit\u00e4t um. Nat\u00fcrlich erhalten Sie Ihre <b>Lehre inklusive Messprotokoll<\/b><\/span><span style=\"color: #000000;\">. Die Messungen erfolgen mit unserem kalibrierten 3D-Messarm<\/span>. (Pr\u00fcflehren, Halbteil-oder Komplettlehren)<\/p>\n","protected":false},"excerpt":{"rendered":"<p>Pr\u00fcfanlagen f\u00fcr: die Qualit\u00e4ts\u00fcberpr\u00fcfung hergestellter Verbindungen oder Einsch\u00fcsse. Hier \u00a0haben wir diverse Pr\u00fcfvorrichtungen und Pr\u00fcfanlagen im Programm. Zur \u00dcberpr\u00fcfung der Dichtigkeit der Fluidsysteme stehen verschiedene Anlagentypen bereit. Belastungspr\u00fcfung, Automatische Differenzdruckmessung, oder optische Kontrolle durch Druckluftaustritt in den Tauchbecken. Lehren: Nach<a href=\"https:\/\/pmw-wiederrecht.de\/en\/maschinenbau\/automotive-fluidsysteme\/pruefen\/\" class=\"more-link\">Weiterlesen&#8230;<\/a><\/p>\n","protected":false},"author":5,"featured_media":0,"parent":633,"menu_order":0,"comment_status":"open","ping_status":"closed","template":"","meta":{"footnotes":""},"class_list":["post-731","page","type-page","status-publish","hentry"],"aioseo_notices":[],"_links":{"self":[{"href":"https:\/\/pmw-wiederrecht.de\/en\/wp-json\/wp\/v2\/pages\/731","targetHints":{"allow":["GET"]}}],"collection":[{"href":"https:\/\/pmw-wiederrecht.de\/en\/wp-json\/wp\/v2\/pages"}],"about":[{"href":"https:\/\/pmw-wiederrecht.de\/en\/wp-json\/wp\/v2\/types\/page"}],"author":[{"embeddable":true,"href":"https:\/\/pmw-wiederrecht.de\/en\/wp-json\/wp\/v2\/users\/5"}],"replies":[{"embeddable":true,"href":"https:\/\/pmw-wiederrecht.de\/en\/wp-json\/wp\/v2\/comments?post=731"}],"version-history":[{"count":7,"href":"https:\/\/pmw-wiederrecht.de\/en\/wp-json\/wp\/v2\/pages\/731\/revisions"}],"predecessor-version":[{"id":766,"href":"https:\/\/pmw-wiederrecht.de\/en\/wp-json\/wp\/v2\/pages\/731\/revisions\/766"}],"up":[{"embeddable":true,"href":"https:\/\/pmw-wiederrecht.de\/en\/wp-json\/wp\/v2\/pages\/633"}],"wp:attachment":[{"href":"https:\/\/pmw-wiederrecht.de\/en\/wp-json\/wp\/v2\/media?parent=731"}],"curies":[{"name":"wp","href":"https:\/\/api.w.org\/{rel}","templated":true}]}}